{"id":44,"date":"2016-05-03T12:39:02","date_gmt":"2016-05-03T11:39:02","guid":{"rendered":"http:\/\/www.twinstarfilm.com\/web.new\/?page_id=44"},"modified":"2018-06-25T15:50:42","modified_gmt":"2018-06-25T14:50:42","slug":"people","status":"publish","type":"page","link":"http:\/\/www.twinstarfilm.com\/web.new\/people\/","title":{"rendered":"People"},"content":{"rendered":"<p style=\"text-align: center;\"><img loading=\"lazy\" decoding=\"async\" class=\"aligncenter size-full wp-image-204\" src=\"http:\/\/www.twinstarfilm.com\/web.new\/wp-content\/uploads\/2016\/05\/people.jpg\" alt=\"\" width=\"800\" height=\"416\" srcset=\"http:\/\/www.twinstarfilm.com\/web.new\/wp-content\/uploads\/2016\/05\/people.jpg 800w, http:\/\/www.twinstarfilm.com\/web.new\/wp-content\/uploads\/2016\/05\/people-300x156.jpg 300w, http:\/\/www.twinstarfilm.com\/web.new\/wp-content\/uploads\/2016\/05\/people-768x399.jpg 768w\" sizes=\"auto, (max-width: 800px) 100vw, 800px\" \/><\/p>\n<p>&nbsp;<\/p>\n<p style=\"text-align: left;\"><strong>Steve L. Lichtag<\/strong><\/p>\n<p style=\"text-align: left;\"><span style=\"line-height: 1.5;\">Producer \/ Director<\/span><\/p>\n<p style=\"text-align: left;\"><strong><img loading=\"lazy\" decoding=\"async\" class=\"wp-image-150 size-thumbnail alignleft\" src=\"http:\/\/www.twinstarfilm.com\/web.new\/wp-content\/uploads\/2016\/05\/Steve-Lichtag-3-1-150x150.jpg\" alt=\"\" width=\"150\" height=\"150\" \/><\/strong><\/p>\n<p style=\"text-align: left;\">Film producer and director Steve Lichtag was born in Czechoslovakia, but lived and worked in the USA from 1980 to 1990. His films focus primarily on wildlife and the marine world. Lichtag\u2019s films have won more than 60 international awards in 18 countries.<\/p>\n<hr \/>\n<p style=\"text-align: left;\"><strong>Tiefeng Shan<\/strong><\/p>\n<p style=\"text-align: left;\"><span style=\"line-height: 1.5;\">Producer<\/span><\/p>\n<p style=\"text-align: left;\"><img loading=\"lazy\" decoding=\"async\" class=\"size-full wp-image-228 alignleft\" src=\"http:\/\/www.twinstarfilm.com\/web.new\/wp-content\/uploads\/2018\/01\/feng2.jpg\" alt=\"\" width=\"150\" height=\"147\" \/><\/p>\n<p style=\"text-align: left;\">Born in China and brought up in Europe, Tiefeng Shan participates in business projects in both\u00a0China and Europe. Comfortably at home in a multinational and multicultural environment he has over the past few years discovered a deep interest in cultural activities. After teaming up with Steve Lichtag \u201cFeng\u201d has focussed on the film industry. Together they form a constructive and inspiring partnership that concentrates on Chinese-European cinema.<\/p>\n<hr \/>\n<p style=\"text-align: left;\"><strong>Reinhard Groene<\/strong><\/p>\n<p style=\"text-align: left;\"><span style=\"line-height: 1.5;\">Producer \/ Sales &amp; Marketing<\/span><\/p>\n<p style=\"text-align: left;\"><strong><img loading=\"lazy\" decoding=\"async\" class=\"size-full wp-image-60 alignleft\" src=\"http:\/\/www.twinstarfilm.com\/web.new\/wp-content\/uploads\/2016\/05\/Reinhard.jpg\" alt=\"Reinhard\" width=\"111\" height=\"146\" \/><\/strong><\/p>\n<p style=\"text-align: left;\">Reinhard Groene runs the German office Twin Star Film Duesseldorf. Since more then 25 years he is film producer with more then 100 films for televison, advertising and promotion. He is working for all kind of international companies. He also directed international product shows and launches, all over Europe, in the US, from Beijing to Tokio. He is handling international sales &amp; marketing-strategy of Twin Star Film.<\/p>\n<hr \/>\n<p style=\"text-align: left;\"><strong>Daniel Jaro\u0161<\/strong><\/p>\n<p style=\"text-align: left;\"><span style=\"line-height: 1.5;\">Line Producer<\/span><\/p>\n<p style=\"text-align: left;\"><img loading=\"lazy\" decoding=\"async\" class=\"size-full wp-image-230 alignleft\" src=\"http:\/\/www.twinstarfilm.com\/web.new\/wp-content\/uploads\/2018\/01\/dan3.jpg\" alt=\"\" width=\"120\" height=\"142\" \/><\/p>\n<p style=\"text-align: left;\">Worked as a production support for American films for Barrandov studio and Czech co-productions. He has a lot of experience with producing a TV show, TV series for TV Nova and event for home and foreign clientele.<\/p>\n<hr \/>\n<p style=\"text-align: left;\"><strong>Michael Havas<\/strong><\/p>\n<p style=\"text-align: left;\"><span style=\"line-height: 1.5;\">Director \/ Writer<\/span><\/p>\n<p style=\"text-align: left;\"><strong><img loading=\"lazy\" decoding=\"async\" class=\"size-thumbnail wp-image-62 alignleft\" src=\"http:\/\/www.twinstarfilm.com\/web.new\/wp-content\/uploads\/2016\/05\/Michael-Havas-web-150x150.jpg\" alt=\"Michael-Havas-web\" width=\"150\" height=\"150\" \/><\/strong><\/p>\n<p style=\"text-align: left;\">Michael Havas was born in Prague, Czechoslovakia, but grew up in New Zealand. He has written, directed and produced over 50 films, many of which won international awards. Havas has worked with television networks such as the BBC, Channel 4, The Discovery Channel, ZDF, ARD, ARTE, MTV and ORF.<\/p>\n<hr \/>\n<p style=\"text-align: left;\"><strong>Radim Kot\u011b\u0161ovec<\/strong><\/p>\n<p style=\"text-align: left;\"><span style=\"line-height: 1.5;\">Editor<\/span><\/p>\n<p style=\"text-align: left;\"><strong><img loading=\"lazy\" decoding=\"async\" class=\"alignleft wp-image-165\" src=\"http:\/\/www.twinstarfilm.com\/web.new\/wp-content\/uploads\/2016\/05\/radim_kote.jpg\" alt=\"\" width=\"110\" height=\"139\" \/><\/strong><\/p>\n<p style=\"text-align: left;\">Since 2003 Radim Kot\u011b\u0161ovec has edited films such as The Last Hunters, Dance of the Blue Angels, A Myth called Shark, Prisoners of a White God, Bizarre World, Sandstone, Aldabra \u2013 Once Upon an Island and many others.\u00a0Since the inception of the International Film Festival Water, Sea and the Oceans, Kot\u011b\u0161ovec has been head of acquisitions for this event.\u00a0Since 2013 he has been teaching editing and postproduction at the Department of Social Anthropology, Faculty of Arts, University of Pardubice.<\/p>\n<hr \/>\n<p style=\"text-align: left;\"><strong>Vojt\u011bch Nedv\u011bd<\/strong><\/p>\n<p style=\"text-align: left;\"><span style=\"line-height: 1.5;\">Cameraman \/ Stereographer<\/span><\/p>\n<p style=\"text-align: left;\"><img loading=\"lazy\" decoding=\"async\" class=\"wp-image-178 alignleft\" src=\"http:\/\/www.twinstarfilm.com\/web.new\/wp-content\/uploads\/2016\/05\/vojta.jpg\" alt=\"\" width=\"110\" height=\"92\" \/><\/p>\n<p style=\"text-align: left;\">Vojt\u011bch Nedv\u011bd, a graduate of the Miroslav Ond\u0159\u00ed\u010dek Film Academy, majored in editing and\u00a0cinematography. His Bachelor\u2019s thesis was devoted to stereoscopy which has become his professional speciality. Since 2009 he has been a member of Twin Star Film as DOP and acted as stereographer for ALDABRA \u2013 Once upon an island.<\/p>\n<hr \/>\n<p style=\"text-align: left;\"><strong>Ond\u0159ej Ho\u0161ek<\/strong><\/p>\n<p style=\"text-align: left;\"><span style=\"line-height: 1.5;\">Cameraman<\/span><\/p>\n<p style=\"text-align: left;\"><img loading=\"lazy\" decoding=\"async\" class=\"wp-image-298 size-full alignleft\" src=\"http:\/\/www.twinstarfilm.com\/web.new\/wp-content\/uploads\/2018\/06\/ONDRA.jpg\" alt=\"\" width=\"110\" height=\"110\" \/><\/p>\n<p style=\"text-align: left;\">Ondrej Ho\u0161ek graduated from the Miroslav Ond\u0159\u00ed\u010dek Film Academy. His Bachelor\u00b4s thesis was on \u201e extreme documentary film\u201c and was supervised by director Steve Lichtag. Subsequently Ho\u0161ek was commissioned by Twin Star Film as cinematographer of ALDABRA \u2013 Once upon an Island.<\/p>\n<hr \/>\n<p style=\"text-align: left;\"><strong>Jind\u0159ich Soukal<\/strong><\/p>\n<p style=\"text-align: left;\"><span style=\"line-height: 1.5;\">Underwater cameraman and photographer<\/span><\/p>\n<p style=\"text-align: left;\"><strong><img loading=\"lazy\" decoding=\"async\" class=\"size-full wp-image-70 alignleft\" src=\"http:\/\/www.twinstarfilm.com\/web.new\/wp-content\/uploads\/2016\/05\/JindrichSoukal3.png\" alt=\"JindrichSoukal3\" width=\"111\" height=\"146\" \/><\/strong><\/p>\n<p style=\"text-align: left;\">Jind\u0159ich Soukal is a long-time diving instructor (over 700 issued certifications) and professional diver specialising in logistic work for underwater filming. He has participated in and led many diving expeditions (South Africa, Mozambique, Galapagos, the Philippines,\u00a0Indonesia and others.). Since 2005 he is a member of Twin Star Film, where holds the position of 3D underwater cameraman.<\/p>\n","protected":false},"excerpt":{"rendered":"<p>&nbsp; Steve L. Lichtag Producer \/ Director Film producer and director Steve Lichtag was born in Czechoslovakia, but lived and worked in the USA from 1980 to 1990. His films focus primarily on wildlife and the marine world. Lichtag\u2019s films [&hellip;]<\/p>\n","protected":false},"author":1,"featured_media":0,"parent":0,"menu_order":4,"comment_status":"closed","ping_status":"closed","template":"","meta":{"footnotes":""},"class_list":["post-44","page","type-page","status-publish","hentry"],"_links":{"self":[{"href":"http:\/\/www.twinstarfilm.com\/web.new\/wp-json\/wp\/v2\/pages\/44","targetHints":{"allow":["GET"]}}],"collection":[{"href":"http:\/\/www.twinstarfilm.com\/web.new\/wp-json\/wp\/v2\/pages"}],"about":[{"href":"http:\/\/www.twinstarfilm.com\/web.new\/wp-json\/wp\/v2\/types\/page"}],"author":[{"embeddable":true,"href":"http:\/\/www.twinstarfilm.com\/web.new\/wp-json\/wp\/v2\/users\/1"}],"replies":[{"embeddable":true,"href":"http:\/\/www.twinstarfilm.com\/web.new\/wp-json\/wp\/v2\/comments?post=44"}],"version-history":[{"count":35,"href":"http:\/\/www.twinstarfilm.com\/web.new\/wp-json\/wp\/v2\/pages\/44\/revisions"}],"predecessor-version":[{"id":299,"href":"http:\/\/www.twinstarfilm.com\/web.new\/wp-json\/wp\/v2\/pages\/44\/revisions\/299"}],"wp:attachment":[{"href":"http:\/\/www.twinstarfilm.com\/web.new\/wp-json\/wp\/v2\/media?parent=44"}],"curies":[{"name":"wp","href":"https:\/\/api.w.org\/{rel}","templated":true}]}}